{"id":146,"date":"2019-11-20T11:16:05","date_gmt":"2019-11-20T14:16:05","guid":{"rendered":"http:\/\/www.rotoplastriopreto.com.br\/?page_id=146"},"modified":"2025-02-07T11:56:51","modified_gmt":"2025-02-07T14:56:51","slug":"climatizadores-portatil-em-sao-jose-do-rio-preto","status":"publish","type":"page","link":"https:\/\/www.rotoplastriopreto.com.br\/index.php\/climatizadores-portatil-em-sao-jose-do-rio-preto\/","title":{"rendered":"Climatizadores Port\u00e1til"},"content":{"rendered":"\t\t<div data-elementor-type=\"wp-page\" data-elementor-id=\"146\" class=\"elementor elementor-146\">\n\t\t\t\t\t\t<section class=\"elementor-section elementor-top-section elementor-element elementor-element-f7527de elementor-section-boxed elementor-section-height-default elementor-section-height-default\" data-id=\"f7527de\" data-element_type=\"section\">\n\t\t\t\t\t\t<div class=\"elementor-container elementor-column-gap-default\">\n\t\t\t\t\t<div class=\"elementor-column elementor-col-100 elementor-top-column elementor-element elementor-element-fb42597\" data-id=\"fb42597\" data-element_type=\"column\">\n\t\t\t<div class=\"elementor-widget-wrap elementor-element-populated\">\n\t\t\t\t\t\t\t<\/div>\n\t\t<\/div>\n\t\t\t\t\t<\/div>\n\t\t<\/section>\n\t\t\t\t<section class=\"elementor-section elementor-top-section elementor-element elementor-element-408f78d elementor-section-boxed elementor-section-height-default elementor-section-height-default\" data-id=\"408f78d\" data-element_type=\"section\">\n\t\t\t\t\t\t<div class=\"elementor-container elementor-column-gap-default\">\n\t\t\t\t\t<div class=\"elementor-column elementor-col-100 elementor-top-column elementor-element elementor-element-da49cc6\" data-id=\"da49cc6\" data-element_type=\"column\">\n\t\t\t<div class=\"elementor-widget-wrap elementor-element-populated\">\n\t\t\t\t\t\t<div class=\"elementor-element elementor-element-530f519 elementor-widget elementor-widget-text-editor\" data-id=\"530f519\" data-element_type=\"widget\" data-widget_type=\"text-editor.default\">\n\t\t\t\t<div class=\"elementor-widget-container\">\n\t\t\t\t\t\t\t\t\t<p>Climatizadores port\u00e1teis \u00e9 com a NACIONAL Representa\u00e7\u00e3o. Nossos climatizadores s\u00e3o produzidos em alta qualidade, com tecnologia de ponta em todo o setor fabril, garantindo assim mais efici\u00eancia aos nossos climatizadores.<\/p><p><strong>Design, confiabilidade e sustentabilidade s\u00e3o os diferenciais que nos tornam a n\u00famero 1 da Am\u00e9rica Latina.<\/strong><\/p>\t\t\t\t\t\t\t\t<\/div>\n\t\t\t\t<\/div>\n\t\t\t\t\t<\/div>\n\t\t<\/div>\n\t\t\t\t\t<\/div>\n\t\t<\/section>\n\t\t\t\t<section class=\"elementor-section elementor-top-section elementor-element elementor-element-2bc77d1 elementor-section-boxed elementor-section-height-default elementor-section-height-default\" data-id=\"2bc77d1\" data-element_type=\"section\">\n\t\t\t\t\t\t<div class=\"elementor-container elementor-column-gap-default\">\n\t\t\t\t\t<div class=\"elementor-column elementor-col-100 elementor-top-column elementor-element elementor-element-f00677c\" data-id=\"f00677c\" data-element_type=\"column\">\n\t\t\t<div class=\"elementor-widget-wrap\">\n\t\t\t\t\t\t\t<\/div>\n\t\t<\/div>\n\t\t\t\t\t<\/div>\n\t\t<\/section>\n\t\t\t\t<section class=\"elementor-section elementor-top-section elementor-element elementor-element-1c939860 elementor-section-content-middle elementor-section-boxed elementor-section-height-default elementor-section-height-default\" data-id=\"1c939860\" data-element_type=\"section\" data-settings=\"{&quot;background_background&quot;:&quot;classic&quot;}\">\n\t\t\t\t\t\t<div class=\"elementor-container elementor-column-gap-no\">\n\t\t\t\t\t<div class=\"elementor-column elementor-col-100 elementor-top-column elementor-element elementor-element-32625428\" data-id=\"32625428\" data-element_type=\"column\">\n\t\t\t<div class=\"elementor-widget-wrap elementor-element-populated\">\n\t\t\t\t\t\t<div class=\"elementor-element elementor-element-48454663 animated-slow elementor-invisible elementor-widget elementor-widget-heading\" data-id=\"48454663\" data-element_type=\"widget\" data-settings=\"{&quot;_animation&quot;:&quot;fadeInDown&quot;}\" data-widget_type=\"heading.default\">\n\t\t\t\t<div class=\"elementor-widget-container\">\n\t\t\t\t\t<h2 class=\"elementor-heading-title elementor-size-default\">CLIMATIZADORES PORT\u00c1TIL<\/h2>\t\t\t\t<\/div>\n\t\t\t\t<\/div>\n\t\t\t\t<div class=\"elementor-element elementor-element-5c489d8f elementor-widget elementor-widget-heading\" data-id=\"5c489d8f\" data-element_type=\"widget\" data-widget_type=\"heading.default\">\n\t\t\t\t<div class=\"elementor-widget-container\">\n\t\t\t\t\t<h5 class=\"elementor-heading-title elementor-size-default\">Confira modelos de Climatizador Port\u00e1til produzidos pela nossa empresa<\/h5>\t\t\t\t<\/div>\n\t\t\t\t<\/div>\n\t\t\t\t<div class=\"elementor-element elementor-element-5c72cb4b gallery-spacing-custom elementor-widget elementor-widget-image-gallery\" data-id=\"5c72cb4b\" data-element_type=\"widget\" data-widget_type=\"image-gallery.default\">\n\t\t\t\t<div class=\"elementor-widget-container\">\n\t\t\t\t\t\t\t<div class=\"elementor-image-gallery\">\n\t\t\t<div id='gallery-1' class='gallery galleryid-146 gallery-columns-3 gallery-size-full'><figure class='gallery-item'>\n\t\t\t<div class='gallery-icon landscape'>\n\t\t\t\t<a data-elementor-open-lightbox=\"yes\" data-elementor-lightbox-slideshow=\"5c72cb4b\" data-elementor-lightbox-title=\"climatizador-portatil-roto46\" data-elementor-lightbox-description=\"Climatizador Portatil Roto46\" data-e-action-hash=\"#elementor-action%3Aaction%3Dlightbox%26settings%3DeyJpZCI6MzAxLCJ1cmwiOiJodHRwczpcL1wvd3d3LnJvdG9wbGFzdHJpb3ByZXRvLmNvbS5iclwvd3AtY29udGVudFwvdXBsb2Fkc1wvMjAyM1wvMTFcL2NsaW1hdGl6YWRvci1wb3J0YXRpbC1yb3RvNDYuanBlZyIsInNsaWRlc2hvdyI6IjVjNzJjYjRiIn0%3D\" href='https:\/\/www.rotoplastriopreto.com.br\/wp-content\/uploads\/2023\/11\/climatizador-portatil-roto46.jpeg'><img fetchpriority=\"high\" decoding=\"async\" width=\"1600\" height=\"1600\" src=\"https:\/\/www.rotoplastriopreto.com.br\/wp-content\/uploads\/2023\/11\/climatizador-portatil-roto46.jpeg\" class=\"attachment-full size-full\" alt=\"Climatizador Portatil Roto46\" srcset=\"https:\/\/www.rotoplastriopreto.com.br\/wp-content\/uploads\/2023\/11\/climatizador-portatil-roto46.jpeg 1600w, https:\/\/www.rotoplastriopreto.com.br\/wp-content\/uploads\/2023\/11\/climatizador-portatil-roto46-300x300.jpeg 300w, https:\/\/www.rotoplastriopreto.com.br\/wp-content\/uploads\/2023\/11\/climatizador-portatil-roto46-1024x1024.jpeg 1024w, https:\/\/www.rotoplastriopreto.com.br\/wp-content\/uploads\/2023\/11\/climatizador-portatil-roto46-150x150.jpeg 150w, https:\/\/www.rotoplastriopreto.com.br\/wp-content\/uploads\/2023\/11\/climatizador-portatil-roto46-768x768.jpeg 768w, https:\/\/www.rotoplastriopreto.com.br\/wp-content\/uploads\/2023\/11\/climatizador-portatil-roto46-1536x1536.jpeg 1536w\" sizes=\"(max-width: 1600px) 100vw, 1600px\" \/><\/a>\n\t\t\t<\/div><\/figure><figure class='gallery-item'>\n\t\t\t<div class='gallery-icon portrait'>\n\t\t\t\t<a data-elementor-open-lightbox=\"yes\" data-elementor-lightbox-slideshow=\"5c72cb4b\" data-elementor-lightbox-title=\"climatizador-portatil-roto49\" data-elementor-lightbox-description=\"Climatizador Portatil Roto49\" data-e-action-hash=\"#elementor-action%3Aaction%3Dlightbox%26settings%3DeyJpZCI6MzAyLCJ1cmwiOiJodHRwczpcL1wvd3d3LnJvdG9wbGFzdHJpb3ByZXRvLmNvbS5iclwvd3AtY29udGVudFwvdXBsb2Fkc1wvMjAyM1wvMTFcL2NsaW1hdGl6YWRvci1wb3J0YXRpbC1yb3RvNDkuanBlZyIsInNsaWRlc2hvdyI6IjVjNzJjYjRiIn0%3D\" href='https:\/\/www.rotoplastriopreto.com.br\/wp-content\/uploads\/2023\/11\/climatizador-portatil-roto49.jpeg'><img decoding=\"async\" width=\"1599\" height=\"1600\" src=\"https:\/\/www.rotoplastriopreto.com.br\/wp-content\/uploads\/2023\/11\/climatizador-portatil-roto49.jpeg\" class=\"attachment-full size-full\" alt=\"Climatizador Portatil Roto49\" srcset=\"https:\/\/www.rotoplastriopreto.com.br\/wp-content\/uploads\/2023\/11\/climatizador-portatil-roto49.jpeg 1599w, https:\/\/www.rotoplastriopreto.com.br\/wp-content\/uploads\/2023\/11\/climatizador-portatil-roto49-300x300.jpeg 300w, https:\/\/www.rotoplastriopreto.com.br\/wp-content\/uploads\/2023\/11\/climatizador-portatil-roto49-1024x1024.jpeg 1024w, https:\/\/www.rotoplastriopreto.com.br\/wp-content\/uploads\/2023\/11\/climatizador-portatil-roto49-150x150.jpeg 150w, https:\/\/www.rotoplastriopreto.com.br\/wp-content\/uploads\/2023\/11\/climatizador-portatil-roto49-768x768.jpeg 768w, https:\/\/www.rotoplastriopreto.com.br\/wp-content\/uploads\/2023\/11\/climatizador-portatil-roto49-1536x1536.jpeg 1536w\" sizes=\"(max-width: 1599px) 100vw, 1599px\" \/><\/a>\n\t\t\t<\/div><\/figure><figure class='gallery-item'>\n\t\t\t<div class='gallery-icon landscape'>\n\t\t\t\t<a data-elementor-open-lightbox=\"yes\" data-elementor-lightbox-slideshow=\"5c72cb4b\" data-elementor-lightbox-title=\"climatizador-portatil-roto44\" data-elementor-lightbox-description=\"Climatizador Portatil Roto44\" data-e-action-hash=\"#elementor-action%3Aaction%3Dlightbox%26settings%3DeyJpZCI6MzAwLCJ1cmwiOiJodHRwczpcL1wvd3d3LnJvdG9wbGFzdHJpb3ByZXRvLmNvbS5iclwvd3AtY29udGVudFwvdXBsb2Fkc1wvMjAyM1wvMTFcL2NsaW1hdGl6YWRvci1wb3J0YXRpbC1yb3RvNDQuanBlZyIsInNsaWRlc2hvdyI6IjVjNzJjYjRiIn0%3D\" href='https:\/\/www.rotoplastriopreto.com.br\/wp-content\/uploads\/2023\/11\/climatizador-portatil-roto44.jpeg'><img decoding=\"async\" width=\"1600\" height=\"961\" src=\"https:\/\/www.rotoplastriopreto.com.br\/wp-content\/uploads\/2023\/11\/climatizador-portatil-roto44.jpeg\" class=\"attachment-full size-full\" alt=\"Climatizador Portatil Roto44\" srcset=\"https:\/\/www.rotoplastriopreto.com.br\/wp-content\/uploads\/2023\/11\/climatizador-portatil-roto44.jpeg 1600w, https:\/\/www.rotoplastriopreto.com.br\/wp-content\/uploads\/2023\/11\/climatizador-portatil-roto44-300x180.jpeg 300w, https:\/\/www.rotoplastriopreto.com.br\/wp-content\/uploads\/2023\/11\/climatizador-portatil-roto44-1024x615.jpeg 1024w, https:\/\/www.rotoplastriopreto.com.br\/wp-content\/uploads\/2023\/11\/climatizador-portatil-roto44-768x461.jpeg 768w, https:\/\/www.rotoplastriopreto.com.br\/wp-content\/uploads\/2023\/11\/climatizador-portatil-roto44-1536x923.jpeg 1536w\" sizes=\"(max-width: 1600px) 100vw, 1600px\" \/><\/a>\n\t\t\t<\/div><\/figure>\n\t\t<\/div>\n\t\t<\/div>\n\t\t\t\t\t\t<\/div>\n\t\t\t\t<\/div>\n\t\t\t\t\t<\/div>\n\t\t<\/div>\n\t\t\t\t\t<\/div>\n\t\t<\/section>\n\t\t\t\t<section class=\"elementor-section elementor-top-section elementor-element elementor-element-ff0317e elementor-section-content-middle elementor-section-boxed elementor-section-height-default elementor-section-height-default\" data-id=\"ff0317e\" data-element_type=\"section\" data-settings=\"{&quot;background_background&quot;:&quot;classic&quot;}\">\n\t\t\t\t\t\t<div class=\"elementor-container elementor-column-gap-no\">\n\t\t\t\t\t<div class=\"elementor-column elementor-col-50 elementor-top-column elementor-element elementor-element-4d0245d5\" data-id=\"4d0245d5\" data-element_type=\"column\">\n\t\t\t<div class=\"elementor-widget-wrap elementor-element-populated\">\n\t\t\t\t\t\t<div class=\"elementor-element elementor-element-5a06cb8f elementor-widget elementor-widget-heading\" data-id=\"5a06cb8f\" data-element_type=\"widget\" data-widget_type=\"heading.default\">\n\t\t\t\t<div class=\"elementor-widget-container\">\n\t\t\t\t\t<h2 class=\"elementor-heading-title elementor-size-default\">N\u00e3o encontrou o Climatizador que busca?<\/h2>\t\t\t\t<\/div>\n\t\t\t\t<\/div>\n\t\t\t\t<div class=\"elementor-element elementor-element-708a6060 elementor-widget elementor-widget-text-editor\" data-id=\"708a6060\" data-element_type=\"widget\" data-widget_type=\"text-editor.default\">\n\t\t\t\t<div class=\"elementor-widget-container\">\n\t\t\t\t\t\t\t\t\t<p>Temos uma grande variedade de climatizadores para ind\u00fastrias, com\u00e9rcio e resid\u00eancias.<\/p><p>Melhores equipamentos, melhores pre\u00e7os e melhores profissionais para atender as suas necessidades.<\/p>\t\t\t\t\t\t\t\t<\/div>\n\t\t\t\t<\/div>\n\t\t\t\t\t<\/div>\n\t\t<\/div>\n\t\t\t\t<div class=\"elementor-column elementor-col-50 elementor-top-column elementor-element elementor-element-23804f93\" data-id=\"23804f93\" data-element_type=\"column\">\n\t\t\t<div class=\"elementor-widget-wrap elementor-element-populated\">\n\t\t\t\t\t\t<div class=\"elementor-element elementor-element-79077318 elementor-align-right elementor-mobile-align-left elementor-widget elementor-widget-button\" data-id=\"79077318\" data-element_type=\"widget\" data-widget_type=\"button.default\">\n\t\t\t\t<div class=\"elementor-widget-container\">\n\t\t\t\t\t\t\t\t\t<div class=\"elementor-button-wrapper\">\n\t\t\t\t\t<a class=\"elementor-button elementor-button-link elementor-size-sm elementor-animation-grow\" href=\"http:\/\/bit.ly\/WhatsNACIONAL\">\n\t\t\t\t\t\t<span class=\"elementor-button-content-wrapper\">\n\t\t\t\t\t\t\t\t\t<span class=\"elementor-button-text\">CHAMAR VIA WHATS<\/span>\n\t\t\t\t\t<\/span>\n\t\t\t\t\t<\/a>\n\t\t\t\t<\/div>\n\t\t\t\t\t\t\t\t<\/div>\n\t\t\t\t<\/div>\n\t\t\t\t\t<\/div>\n\t\t<\/div>\n\t\t\t\t\t<\/div>\n\t\t<\/section>\n\t\t\t\t<section class=\"elementor-section elementor-top-section elementor-element elementor-element-0b00277 elementor-section-boxed elementor-section-height-default elementor-section-height-default\" data-id=\"0b00277\" data-element_type=\"section\" data-settings=\"{&quot;background_background&quot;:&quot;classic&quot;}\">\n\t\t\t\t\t\t<div class=\"elementor-container elementor-column-gap-default\">\n\t\t\t\t\t<div class=\"elementor-column elementor-col-100 elementor-top-column elementor-element elementor-element-07ea44a\" data-id=\"07ea44a\" data-element_type=\"column\">\n\t\t\t<div class=\"elementor-widget-wrap elementor-element-populated\">\n\t\t\t\t\t\t<div class=\"elementor-element elementor-element-41de329 animated-slow elementor-invisible elementor-widget elementor-widget-heading\" data-id=\"41de329\" data-element_type=\"widget\" data-settings=\"{&quot;_animation&quot;:&quot;fadeInDown&quot;}\" data-widget_type=\"heading.default\">\n\t\t\t\t<div class=\"elementor-widget-container\">\n\t\t\t\t\t<h2 class=\"elementor-heading-title elementor-size-default\">FALE CONOSCO<\/h2>\t\t\t\t<\/div>\n\t\t\t\t<\/div>\n\t\t\t\t\t<\/div>\n\t\t<\/div>\n\t\t\t\t\t<\/div>\n\t\t<\/section>\n\t\t\t\t<section class=\"elementor-section elementor-top-section elementor-element elementor-element-7960bf53 elementor-section-boxed elementor-section-height-default elementor-section-height-default\" data-id=\"7960bf53\" data-element_type=\"section\" data-settings=\"{&quot;background_background&quot;:&quot;classic&quot;}\">\n\t\t\t\t\t\t<div class=\"elementor-container elementor-column-gap-default\">\n\t\t\t\t\t<div class=\"elementor-column elementor-col-50 elementor-top-column elementor-element elementor-element-3d6bc639\" data-id=\"3d6bc639\" data-element_type=\"column\">\n\t\t\t<div class=\"elementor-widget-wrap elementor-element-populated\">\n\t\t\t\t\t\t<div class=\"elementor-element elementor-element-7573d36c elementor-widget elementor-widget-shortcode\" data-id=\"7573d36c\" data-element_type=\"widget\" data-widget_type=\"shortcode.default\">\n\t\t\t\t<div class=\"elementor-widget-container\">\n\t\t\t\t\t\t\t<div class=\"elementor-shortcode\">\n<div class=\"wpcf7 no-js\" id=\"wpcf7-f12-o1\" lang=\"pt-BR\" dir=\"ltr\">\n<div class=\"screen-reader-response\"><p role=\"status\" aria-live=\"polite\" aria-atomic=\"true\"><\/p> <ul><\/ul><\/div>\n<form action=\"\/index.php\/wp-json\/wp\/v2\/pages\/146#wpcf7-f12-o1\" method=\"post\" class=\"wpcf7-form init\" aria-label=\"Formul\u00e1rios de contato\" novalidate=\"novalidate\" data-status=\"init\">\n<div style=\"display: none;\">\n<input type=\"hidden\" name=\"_wpcf7\" value=\"12\" \/>\n<input type=\"hidden\" name=\"_wpcf7_version\" value=\"5.8.3\" \/>\n<input type=\"hidden\" name=\"_wpcf7_locale\" value=\"pt_BR\" \/>\n<input type=\"hidden\" name=\"_wpcf7_unit_tag\" value=\"wpcf7-f12-o1\" \/>\n<input type=\"hidden\" name=\"_wpcf7_container_post\" value=\"0\" \/>\n<input type=\"hidden\" name=\"_wpcf7_posted_data_hash\" value=\"\" \/>\n<\/div>\n<p><label> Nome (obrigat\u00f3rio)<br \/>\n<span class=\"wpcf7-form-control-wrap\" data-name=\"your-name\"><input size=\"40\" class=\"wpcf7-form-control wpcf7-text wpcf7-validates-as-required\" aria-required=\"true\" aria-invalid=\"false\" value=\"\" type=\"text\" name=\"your-name\" \/><\/span> <\/label>\n<\/p>\n<p><label> E-mail (obrigat\u00f3rio)<br \/>\n<span class=\"wpcf7-form-control-wrap\" data-name=\"your-email\"><input size=\"40\" class=\"wpcf7-form-control wpcf7-email wpcf7-validates-as-required wpcf7-text wpcf7-validates-as-email\" aria-required=\"true\" aria-invalid=\"false\" value=\"\" type=\"email\" name=\"your-email\" \/><\/span> <\/label>\n<\/p>\n<p><label> Telefone ou Whats<br \/>\n<span class=\"wpcf7-form-control-wrap\" data-name=\"tel-whats\"><input size=\"40\" class=\"wpcf7-form-control wpcf7-tel wpcf7-validates-as-required wpcf7-text wpcf7-validates-as-tel\" aria-required=\"true\" aria-invalid=\"false\" value=\"\" type=\"tel\" name=\"tel-whats\" \/><\/span><\/label>\n<\/p>\n<p><label> Mensagem<br \/>\n<span class=\"wpcf7-form-control-wrap\" data-name=\"your-message\"><textarea cols=\"40\" rows=\"10\" class=\"wpcf7-form-control wpcf7-textarea\" aria-invalid=\"false\" name=\"your-message\"><\/textarea><\/span> <\/label>\n<\/p>\n<p><input class=\"wpcf7-form-control wpcf7-submit has-spinner\" type=\"submit\" value=\"Enviar\" \/>\n<\/p><p style=\"display: none !important;\" class=\"akismet-fields-container\" data-prefix=\"_wpcf7_ak_\"><label>&#916;<textarea name=\"_wpcf7_ak_hp_textarea\" cols=\"45\" rows=\"8\" maxlength=\"100\"><\/textarea><\/label><input type=\"hidden\" id=\"ak_js_1\" name=\"_wpcf7_ak_js\" value=\"98\"\/><script>document.getElementById( \"ak_js_1\" ).setAttribute( \"value\", ( new Date() ).getTime() );<\/script><\/p><div class=\"wpcf7-response-output\" aria-hidden=\"true\"><\/div>\n<\/form>\n<\/div>\n<\/div>\n\t\t\t\t\t\t<\/div>\n\t\t\t\t<\/div>\n\t\t\t\t\t<\/div>\n\t\t<\/div>\n\t\t\t\t<div class=\"elementor-column elementor-col-50 elementor-top-column elementor-element elementor-element-1dc6cb89\" data-id=\"1dc6cb89\" data-element_type=\"column\">\n\t\t\t<div class=\"elementor-widget-wrap elementor-element-populated\">\n\t\t\t\t\t\t<div class=\"elementor-element elementor-element-16108630 elementor-widget elementor-widget-text-editor\" data-id=\"16108630\" data-element_type=\"widget\" data-widget_type=\"text-editor.default\">\n\t\t\t\t<div class=\"elementor-widget-container\">\n\t\t\t\t\t\t\t\t\t<p>Telefone: (17) 9 9787-3335<\/p><p>\u00a0WhatsApp\u00a0(17) 9 9787-3335 ou via link: <a href=\"http:\/\/bit.ly\/WhatsNACIONAL\">http:\/\/bit.ly\/WhatsNACIONAL<\/a><\/p>\t\t\t\t\t\t\t\t<\/div>\n\t\t\t\t<\/div>\n\t\t\t\t\t<\/div>\n\t\t<\/div>\n\t\t\t\t\t<\/div>\n\t\t<\/section>\n\t\t\t\t<\/div>\n\t\t","protected":false},"excerpt":{"rendered":"<p>Climatizadores port\u00e1teis \u00e9 com a NACIONAL Representa\u00e7\u00e3o. Nossos climatizadores s\u00e3o produzidos em alta qualidade, com tecnologia de ponta em todo o setor fabril, garantindo assim mais efici\u00eancia aos nossos climatizadores. Design, confiabilidade e sustentabilidade s\u00e3o os diferenciais que nos tornam a n\u00famero 1 da Am\u00e9rica Latina. CLIMATIZADORES PORT\u00c1TIL Confira modelos de Climatizador Port\u00e1til produzidos pela &hellip;<\/p>\n<p class=\"read-more\"> <a class=\"\" href=\"https:\/\/www.rotoplastriopreto.com.br\/index.php\/climatizadores-portatil-em-sao-jose-do-rio-preto\/\"> <span class=\"screen-reader-text\">Climatizadores Port\u00e1til<\/span> Leia mais &raquo;<\/a><\/p>\n","protected":false},"author":1,"featured_media":0,"parent":0,"menu_order":0,"comment_status":"closed","ping_status":"closed","template":"","meta":{"om_disable_all_campaigns":false,"_monsterinsights_skip_tracking":false,"_monsterinsights_sitenote_active":false,"_monsterinsights_sitenote_note":"","_monsterinsights_sitenote_category":0,"footnotes":""},"aioseo_notices":[],"_links":{"self":[{"href":"https:\/\/www.rotoplastriopreto.com.br\/index.php\/wp-json\/wp\/v2\/pages\/146"}],"collection":[{"href":"https:\/\/www.rotoplastriopreto.com.br\/index.php\/wp-json\/wp\/v2\/pages"}],"about":[{"href":"https:\/\/www.rotoplastriopreto.com.br\/index.php\/wp-json\/wp\/v2\/types\/page"}],"author":[{"embeddable":true,"href":"https:\/\/www.rotoplastriopreto.com.br\/index.php\/wp-json\/wp\/v2\/users\/1"}],"replies":[{"embeddable":true,"href":"https:\/\/www.rotoplastriopreto.com.br\/index.php\/wp-json\/wp\/v2\/comments?post=146"}],"version-history":[{"count":11,"href":"https:\/\/www.rotoplastriopreto.com.br\/index.php\/wp-json\/wp\/v2\/pages\/146\/revisions"}],"predecessor-version":[{"id":506,"href":"https:\/\/www.rotoplastriopreto.com.br\/index.php\/wp-json\/wp\/v2\/pages\/146\/revisions\/506"}],"wp:attachment":[{"href":"https:\/\/www.rotoplastriopreto.com.br\/index.php\/wp-json\/wp\/v2\/media?parent=146"}],"curies":[{"name":"wp","href":"https:\/\/api.w.org\/{rel}","templated":true}]}}